{"id":187,"date":"2021-04-20T20:18:49","date_gmt":"2021-04-20T20:18:49","guid":{"rendered":"http:\/\/www.reparatii-pc-tv.ro\/?page_id=187"},"modified":"2024-04-24T20:09:53","modified_gmt":"2024-04-24T20:09:53","slug":"reparatii-televizoare-lcd-led-inlocuit-display-laptop-curatat-de-praf-ps4-configuratii-pc-gaming","status":"publish","type":"page","link":"http:\/\/www.reparatii-pc-tv.ro\/index.php\/reparatii-televizoare-lcd-led-inlocuit-display-laptop-curatat-de-praf-ps4-configuratii-pc-gaming\/","title":{"rendered":"Contact"},"content":{"rendered":"\n<ul class=\"wp-block-list\" id=\"block-fff3a7d3-1a2e-499c-a487-01a0b360ad06\"><li><strong>SC. A&amp;G SSM Training S.R.L.<\/strong><\/li><li><strong>Soseaua Oltenitei nr 121 parter<\/strong><\/li><li><strong>Bucuresti \u2013 sector 4<\/strong><\/li><li><strong>CUI:<\/strong> <strong>23418488<\/strong><\/li><li><strong>Telefon:<\/strong> <strong>0734964844<\/strong><\/li><li><strong>Email: reparatii.pc.tv@gmail.com<\/strong><\/li><\/ul>\n\n\n<p><iframe src=\"https:\/\/www.google.com\/maps\/embed?pb=!1m18!1m12!1m3!1d800.0696278918524!2d26.132503730323435!3d44.389575339377636!2m3!1f0!2f0!3f0!3m2!1i1024!2i768!4f13.1!3m3!1m2!1s0x0%3A0x1996ccef991c3abf!2sA%26G%20SSM%20Trading%20S.R.L.!5e0!3m2!1sro!2sro!4v1620327676939!5m2!1sro!2sro\" width=\"600\" height=\"450\" style=\"border:0;\" allowfullscreen=\"\" loading=\"lazy\"><\/iframe><\/p>\n","protected":false},"excerpt":{"rendered":"<p>SC. A&amp;G SSM Training S.R.L. Soseaua Oltenitei nr 121 parter Bucuresti \u2013 sector 4 CUI: 23418488 Telefon: 0734964844 Email: reparatii.pc.tv@gmail.com<\/p>\n","protected":false},"author":1,"featured_media":0,"parent":0,"menu_order":0,"comment_status":"closed","ping_status":"closed","template":"","meta":{"_joinchat":[],"footnotes":""},"class_list":["post-187","page","type-page","status-publish","hentry","entry"],"yoast_head":"<!-- This site is optimized with the Yoast SEO plugin v21.9.1 - https:\/\/yoast.com\/wordpress\/plugins\/seo\/ -->\n<title>Reparatii laptop smart tv - http:\/\/www.reparatii-pc-tv.ro\/<\/title>\n<meta name=\"description\" content=\"Datorita experientei acumulata in timp ne putem da seama pe loc ce defect are televizorul,calculatorul sau laptop-ul dumneavostra Marea majoritate a defectelor se repara pe loc , in aceeasi zi sau ziua urmatoare. De fiecare data sunteti instintati de defect,costul reparatiei si durata. Pretul nu il stabilim in functie de marca sau diagonala , pretul este stabilit in functie de piesele folosite.\u00cen situa\u021bia \u00een care televizorul dumneavoastr\u0103 nu porne\u0219te dar LED-ul de stare r\u0103m\u00e2ne pe o pozi\u021bie intermitent\u0103 sau raspunde la telecomanda poate \u00eensemna faptul c\u0103 o component\u0103 intern\u0103 este defect\u0103. In prima faza scoateti televizorul din priza asteptati 3-5 minute si incercati sa il porniti. Daca dupa aceasta incercare televizorul nu isi revine v\u0103 st\u0103m la dispozi\u021bie cu ajutorul nostru.Daca intampinati probleme legate de imaginea televizorului , mai exact are sunet schimba canalele dar nu vedeti nimic pe ecran pot fi mai multe probleme insa cele mai des intalnite sunt : 1. leduri iluminare ecran arse ,in acest caz ecranul este negru 2. o componenta electronica este defecta caz in care ecranul este iluminat cu tenta alb sau albastru\" \/>\n<meta name=\"robots\" content=\"index, follow, max-snippet:-1, max-image-preview:large, max-video-preview:-1\" \/>\n<link rel=\"canonical\" href=\"https:\/\/www.reparatii-pc-tv.ro\/index.php\/reparatii-televizoare-lcd-led-inlocuit-display-laptop-curatat-de-praf-ps4-configuratii-pc-gaming\/\" \/>\n<meta property=\"og:locale\" content=\"ro_RO\" \/>\n<meta property=\"og:type\" content=\"article\" \/>\n<meta property=\"og:title\" content=\"Reparatii laptop smart tv - http:\/\/www.reparatii-pc-tv.ro\/\" \/>\n<meta property=\"og:description\" content=\"Datorita experientei acumulata in timp ne putem da seama pe loc ce defect are televizorul,calculatorul sau laptop-ul dumneavostra Marea majoritate a defectelor se repara pe loc , in aceeasi zi sau ziua urmatoare. De fiecare data sunteti instintati de defect,costul reparatiei si durata. Pretul nu il stabilim in functie de marca sau diagonala , pretul este stabilit in functie de piesele folosite.\u00cen situa\u021bia \u00een care televizorul dumneavoastr\u0103 nu porne\u0219te dar LED-ul de stare r\u0103m\u00e2ne pe o pozi\u021bie intermitent\u0103 sau raspunde la telecomanda poate \u00eensemna faptul c\u0103 o component\u0103 intern\u0103 este defect\u0103. In prima faza scoateti televizorul din priza asteptati 3-5 minute si incercati sa il porniti. Daca dupa aceasta incercare televizorul nu isi revine v\u0103 st\u0103m la dispozi\u021bie cu ajutorul nostru.Daca intampinati probleme legate de imaginea televizorului , mai exact are sunet schimba canalele dar nu vedeti nimic pe ecran pot fi mai multe probleme insa cele mai des intalnite sunt : 1. leduri iluminare ecran arse ,in acest caz ecranul este negru 2. o componenta electronica este defecta caz in care ecranul este iluminat cu tenta alb sau albastru\" \/>\n<meta property=\"og:url\" content=\"https:\/\/www.reparatii-pc-tv.ro\/index.php\/reparatii-televizoare-lcd-led-inlocuit-display-laptop-curatat-de-praf-ps4-configuratii-pc-gaming\/\" \/>\n<meta property=\"article:modified_time\" content=\"2024-04-24T20:09:53+00:00\" \/>\n<meta name=\"twitter:card\" content=\"summary_large_image\" \/>\n<meta name=\"twitter:label1\" content=\"Timp estimat pentru citire\" \/>\n\t<meta name=\"twitter:data1\" content=\"1 minut\" \/>\n<script type=\"application\/ld+json\" class=\"yoast-schema-graph\">{\"@context\":\"https:\/\/schema.org\",\"@graph\":[{\"@type\":\"WebPage\",\"@id\":\"https:\/\/www.reparatii-pc-tv.ro\/index.php\/reparatii-televizoare-lcd-led-inlocuit-display-laptop-curatat-de-praf-ps4-configuratii-pc-gaming\/\",\"url\":\"https:\/\/www.reparatii-pc-tv.ro\/index.php\/reparatii-televizoare-lcd-led-inlocuit-display-laptop-curatat-de-praf-ps4-configuratii-pc-gaming\/\",\"name\":\"Reparatii laptop smart tv - http:\/\/www.reparatii-pc-tv.ro\/\",\"isPartOf\":{\"@id\":\"http:\/\/www.reparatii-pc-tv.ro\/#website\"},\"datePublished\":\"2021-04-20T20:18:49+00:00\",\"dateModified\":\"2024-04-24T20:09:53+00:00\",\"description\":\"Datorita experientei acumulata in timp ne putem da seama pe loc ce defect are televizorul,calculatorul sau laptop-ul dumneavostra Marea majoritate a defectelor se repara pe loc , in aceeasi zi sau ziua urmatoare. De fiecare data sunteti instintati de defect,costul reparatiei si durata. Pretul nu il stabilim in functie de marca sau diagonala , pretul este stabilit in functie de piesele folosite.\u00cen situa\u021bia \u00een care televizorul dumneavoastr\u0103 nu porne\u0219te dar LED-ul de stare r\u0103m\u00e2ne pe o pozi\u021bie intermitent\u0103 sau raspunde la telecomanda poate \u00eensemna faptul c\u0103 o component\u0103 intern\u0103 este defect\u0103. In prima faza scoateti televizorul din priza asteptati 3-5 minute si incercati sa il porniti. Daca dupa aceasta incercare televizorul nu isi revine v\u0103 st\u0103m la dispozi\u021bie cu ajutorul nostru.Daca intampinati probleme legate de imaginea televizorului , mai exact are sunet schimba canalele dar nu vedeti nimic pe ecran pot fi mai multe probleme insa cele mai des intalnite sunt : 1. leduri iluminare ecran arse ,in acest caz ecranul este negru 2. o componenta electronica este defecta caz in care ecranul este iluminat cu tenta alb sau albastru\",\"breadcrumb\":{\"@id\":\"https:\/\/www.reparatii-pc-tv.ro\/index.php\/reparatii-televizoare-lcd-led-inlocuit-display-laptop-curatat-de-praf-ps4-configuratii-pc-gaming\/#breadcrumb\"},\"inLanguage\":\"ro-RO\",\"potentialAction\":[{\"@type\":\"ReadAction\",\"target\":[\"https:\/\/www.reparatii-pc-tv.ro\/index.php\/reparatii-televizoare-lcd-led-inlocuit-display-laptop-curatat-de-praf-ps4-configuratii-pc-gaming\/\"]}]},{\"@type\":\"BreadcrumbList\",\"@id\":\"https:\/\/www.reparatii-pc-tv.ro\/index.php\/reparatii-televizoare-lcd-led-inlocuit-display-laptop-curatat-de-praf-ps4-configuratii-pc-gaming\/#breadcrumb\",\"itemListElement\":[{\"@type\":\"ListItem\",\"position\":1,\"name\":\"Prima pagin\u0103\",\"item\":\"http:\/\/www.reparatii-pc-tv.ro\/\"},{\"@type\":\"ListItem\",\"position\":2,\"name\":\"Contact\"}]},{\"@type\":\"WebSite\",\"@id\":\"http:\/\/www.reparatii-pc-tv.ro\/#website\",\"url\":\"http:\/\/www.reparatii-pc-tv.ro\/\",\"name\":\"\",\"description\":\"\",\"potentialAction\":[{\"@type\":\"SearchAction\",\"target\":{\"@type\":\"EntryPoint\",\"urlTemplate\":\"http:\/\/www.reparatii-pc-tv.ro\/?s={search_term_string}\"},\"query-input\":\"required name=search_term_string\"}],\"inLanguage\":\"ro-RO\"}]}<\/script>\n<!-- \/ Yoast SEO plugin. -->","yoast_head_json":{"title":"Reparatii laptop smart tv - http:\/\/www.reparatii-pc-tv.ro\/","description":"Datorita experientei acumulata in timp ne putem da seama pe loc ce defect are televizorul,calculatorul sau laptop-ul dumneavostra Marea majoritate a defectelor se repara pe loc , in aceeasi zi sau ziua urmatoare. De fiecare data sunteti instintati de defect,costul reparatiei si durata. Pretul nu il stabilim in functie de marca sau diagonala , pretul este stabilit in functie de piesele folosite.\u00cen situa\u021bia \u00een care televizorul dumneavoastr\u0103 nu porne\u0219te dar LED-ul de stare r\u0103m\u00e2ne pe o pozi\u021bie intermitent\u0103 sau raspunde la telecomanda poate \u00eensemna faptul c\u0103 o component\u0103 intern\u0103 este defect\u0103. In prima faza scoateti televizorul din priza asteptati 3-5 minute si incercati sa il porniti. Daca dupa aceasta incercare televizorul nu isi revine v\u0103 st\u0103m la dispozi\u021bie cu ajutorul nostru.Daca intampinati probleme legate de imaginea televizorului , mai exact are sunet schimba canalele dar nu vedeti nimic pe ecran pot fi mai multe probleme insa cele mai des intalnite sunt : 1. leduri iluminare ecran arse ,in acest caz ecranul este negru 2. o componenta electronica este defecta caz in care ecranul este iluminat cu tenta alb sau albastru","robots":{"index":"index","follow":"follow","max-snippet":"max-snippet:-1","max-image-preview":"max-image-preview:large","max-video-preview":"max-video-preview:-1"},"canonical":"https:\/\/www.reparatii-pc-tv.ro\/index.php\/reparatii-televizoare-lcd-led-inlocuit-display-laptop-curatat-de-praf-ps4-configuratii-pc-gaming\/","og_locale":"ro_RO","og_type":"article","og_title":"Reparatii laptop smart tv - http:\/\/www.reparatii-pc-tv.ro\/","og_description":"Datorita experientei acumulata in timp ne putem da seama pe loc ce defect are televizorul,calculatorul sau laptop-ul dumneavostra Marea majoritate a defectelor se repara pe loc , in aceeasi zi sau ziua urmatoare. De fiecare data sunteti instintati de defect,costul reparatiei si durata. Pretul nu il stabilim in functie de marca sau diagonala , pretul este stabilit in functie de piesele folosite.\u00cen situa\u021bia \u00een care televizorul dumneavoastr\u0103 nu porne\u0219te dar LED-ul de stare r\u0103m\u00e2ne pe o pozi\u021bie intermitent\u0103 sau raspunde la telecomanda poate \u00eensemna faptul c\u0103 o component\u0103 intern\u0103 este defect\u0103. In prima faza scoateti televizorul din priza asteptati 3-5 minute si incercati sa il porniti. Daca dupa aceasta incercare televizorul nu isi revine v\u0103 st\u0103m la dispozi\u021bie cu ajutorul nostru.Daca intampinati probleme legate de imaginea televizorului , mai exact are sunet schimba canalele dar nu vedeti nimic pe ecran pot fi mai multe probleme insa cele mai des intalnite sunt : 1. leduri iluminare ecran arse ,in acest caz ecranul este negru 2. o componenta electronica este defecta caz in care ecranul este iluminat cu tenta alb sau albastru","og_url":"https:\/\/www.reparatii-pc-tv.ro\/index.php\/reparatii-televizoare-lcd-led-inlocuit-display-laptop-curatat-de-praf-ps4-configuratii-pc-gaming\/","article_modified_time":"2024-04-24T20:09:53+00:00","twitter_card":"summary_large_image","twitter_misc":{"Timp estimat pentru citire":"1 minut"},"schema":{"@context":"https:\/\/schema.org","@graph":[{"@type":"WebPage","@id":"https:\/\/www.reparatii-pc-tv.ro\/index.php\/reparatii-televizoare-lcd-led-inlocuit-display-laptop-curatat-de-praf-ps4-configuratii-pc-gaming\/","url":"https:\/\/www.reparatii-pc-tv.ro\/index.php\/reparatii-televizoare-lcd-led-inlocuit-display-laptop-curatat-de-praf-ps4-configuratii-pc-gaming\/","name":"Reparatii laptop smart tv - http:\/\/www.reparatii-pc-tv.ro\/","isPartOf":{"@id":"http:\/\/www.reparatii-pc-tv.ro\/#website"},"datePublished":"2021-04-20T20:18:49+00:00","dateModified":"2024-04-24T20:09:53+00:00","description":"Datorita experientei acumulata in timp ne putem da seama pe loc ce defect are televizorul,calculatorul sau laptop-ul dumneavostra Marea majoritate a defectelor se repara pe loc , in aceeasi zi sau ziua urmatoare. De fiecare data sunteti instintati de defect,costul reparatiei si durata. Pretul nu il stabilim in functie de marca sau diagonala , pretul este stabilit in functie de piesele folosite.\u00cen situa\u021bia \u00een care televizorul dumneavoastr\u0103 nu porne\u0219te dar LED-ul de stare r\u0103m\u00e2ne pe o pozi\u021bie intermitent\u0103 sau raspunde la telecomanda poate \u00eensemna faptul c\u0103 o component\u0103 intern\u0103 este defect\u0103. In prima faza scoateti televizorul din priza asteptati 3-5 minute si incercati sa il porniti. Daca dupa aceasta incercare televizorul nu isi revine v\u0103 st\u0103m la dispozi\u021bie cu ajutorul nostru.Daca intampinati probleme legate de imaginea televizorului , mai exact are sunet schimba canalele dar nu vedeti nimic pe ecran pot fi mai multe probleme insa cele mai des intalnite sunt : 1. leduri iluminare ecran arse ,in acest caz ecranul este negru 2. o componenta electronica este defecta caz in care ecranul este iluminat cu tenta alb sau albastru","breadcrumb":{"@id":"https:\/\/www.reparatii-pc-tv.ro\/index.php\/reparatii-televizoare-lcd-led-inlocuit-display-laptop-curatat-de-praf-ps4-configuratii-pc-gaming\/#breadcrumb"},"inLanguage":"ro-RO","potentialAction":[{"@type":"ReadAction","target":["https:\/\/www.reparatii-pc-tv.ro\/index.php\/reparatii-televizoare-lcd-led-inlocuit-display-laptop-curatat-de-praf-ps4-configuratii-pc-gaming\/"]}]},{"@type":"BreadcrumbList","@id":"https:\/\/www.reparatii-pc-tv.ro\/index.php\/reparatii-televizoare-lcd-led-inlocuit-display-laptop-curatat-de-praf-ps4-configuratii-pc-gaming\/#breadcrumb","itemListElement":[{"@type":"ListItem","position":1,"name":"Prima pagin\u0103","item":"http:\/\/www.reparatii-pc-tv.ro\/"},{"@type":"ListItem","position":2,"name":"Contact"}]},{"@type":"WebSite","@id":"http:\/\/www.reparatii-pc-tv.ro\/#website","url":"http:\/\/www.reparatii-pc-tv.ro\/","name":"","description":"","potentialAction":[{"@type":"SearchAction","target":{"@type":"EntryPoint","urlTemplate":"http:\/\/www.reparatii-pc-tv.ro\/?s={search_term_string}"},"query-input":"required name=search_term_string"}],"inLanguage":"ro-RO"}]}},"_links":{"self":[{"href":"http:\/\/www.reparatii-pc-tv.ro\/index.php\/wp-json\/wp\/v2\/pages\/187","targetHints":{"allow":["GET"]}}],"collection":[{"href":"http:\/\/www.reparatii-pc-tv.ro\/index.php\/wp-json\/wp\/v2\/pages"}],"about":[{"href":"http:\/\/www.reparatii-pc-tv.ro\/index.php\/wp-json\/wp\/v2\/types\/page"}],"author":[{"embeddable":true,"href":"http:\/\/www.reparatii-pc-tv.ro\/index.php\/wp-json\/wp\/v2\/users\/1"}],"replies":[{"embeddable":true,"href":"http:\/\/www.reparatii-pc-tv.ro\/index.php\/wp-json\/wp\/v2\/comments?post=187"}],"version-history":[{"count":14,"href":"http:\/\/www.reparatii-pc-tv.ro\/index.php\/wp-json\/wp\/v2\/pages\/187\/revisions"}],"predecessor-version":[{"id":349,"href":"http:\/\/www.reparatii-pc-tv.ro\/index.php\/wp-json\/wp\/v2\/pages\/187\/revisions\/349"}],"wp:attachment":[{"href":"http:\/\/www.reparatii-pc-tv.ro\/index.php\/wp-json\/wp\/v2\/media?parent=187"}],"curies":[{"name":"wp","href":"https:\/\/api.w.org\/{rel}","templated":true}]}}